{"id":2568,"date":"2016-03-03T01:43:43","date_gmt":"2016-03-03T01:43:43","guid":{"rendered":"https:\/\/skapju.sdhost.eu\/contact\/"},"modified":"2024-01-03T14:44:42","modified_gmt":"2024-01-03T14:44:42","slug":"contact","status":"publish","type":"page","link":"https:\/\/skapjusalons.lv\/ru\/contact\/","title":{"rendered":"\u041a\u041e\u041d\u0422\u0410\u041a\u0422"},"content":{"rendered":"<div class=\"wpb-content-wrapper\"><p>[vc_row css=&#187;.vc_custom_1437122550533{margin-right: -15px !important;margin-left: -15px !important;}&#187;][vc_column css=&#187;.vc_custom_1456973992660{padding-right: 15px !important;padding-left: 15px !important;}&#187;][vc_row_inner css=&#187;.vc_custom_1437126437380{margin-right: -15px !important;margin-left: -15px !important;}&#187; el_class=&#187;contact-bonus&#187;][vc_column_inner width=&#187;2\/3&#8243; css=&#187;.vc_custom_1437185648827{padding-right: 15px !important;padding-left: 15px !important;}&#187;][vc_column_text]<\/p>\n<div class=\"page-title\">\n<h3>\u041e\u0442\u043f\u0440\u0430\u0432\u044c\u0442\u0435 \u0432\u0430\u0448\u0435 \u0441\u043e\u043e\u0431\u0449\u0435\u043d\u0438\u0435<\/h3>\n<\/div>\n<p>[\/vc_column_text]\n<div class=\"wpcf7 no-js\" id=\"wpcf7-f3659-o1\" lang=\"ru-RU\" dir=\"ltr\">\n<div class=\"screen-reader-response\"><p role=\"status\" aria-live=\"polite\" aria-atomic=\"true\"><\/p> <ul><\/ul><\/div>\n<form action=\"\/ru\/wp-json\/wp\/v2\/pages\/2568#wpcf7-f3659-o1\" method=\"post\" class=\"wpcf7-form init\" aria-label=\"\u041a\u043e\u043d\u0442\u0430\u043a\u0442\u043d\u0430\u044f \u0444\u043e\u0440\u043c\u0430\" novalidate=\"novalidate\" data-status=\"init\">\n<div style=\"display: none;\">\n<input type=\"hidden\" name=\"_wpcf7\" value=\"3659\" \/>\n<input type=\"hidden\" name=\"_wpcf7_version\" value=\"5.9.5\" \/>\n<input type=\"hidden\" name=\"_wpcf7_locale\" value=\"ru_RU\" \/>\n<input type=\"hidden\" name=\"_wpcf7_unit_tag\" value=\"wpcf7-f3659-o1\" \/>\n<input type=\"hidden\" name=\"_wpcf7_container_post\" value=\"0\" \/>\n<input type=\"hidden\" name=\"_wpcf7_posted_data_hash\" value=\"\" \/>\n<\/div>\n<p class=\"pull-left\"><br \/>\n<span class=\"wpcf7-form-control-wrap\" data-name=\"your-name\"><input size=\"40\" class=\"wpcf7-form-control wpcf7-text wpcf7-validates-as-required\" aria-required=\"true\" aria-invalid=\"false\" placeholder=\"\u0412\u0430\u0448\u0435 \u0438\u043c\u044f :\" value=\"\" type=\"text\" name=\"your-name\" \/><\/span>\n<\/p>\n<p class=\"pull-right\"><br \/>\n<span class=\"wpcf7-form-control-wrap\" data-name=\"your-email\"><input size=\"40\" class=\"wpcf7-form-control wpcf7-email wpcf7-validates-as-required wpcf7-text wpcf7-validates-as-email\" aria-required=\"true\" aria-invalid=\"false\" placeholder=\"\u0412\u0430\u0448 \u044d-\u043c\u0430\u0438\u043b :\" value=\"\" type=\"email\" name=\"your-email\" \/><\/span>\n<\/p>\n<p class=\"clear-fix\"><br \/>\n<span class=\"wpcf7-form-control-wrap\" data-name=\"your-message\"><textarea cols=\"40\" rows=\"10\" class=\"wpcf7-form-control wpcf7-textarea\" aria-invalid=\"false\" placeholder=\"\u0412\u0430\u0448\u0435 \u0441\u043e\u043e\u0431\u0449\u0435\u043d\u0438\u0435 :\" name=\"your-message\"><\/textarea><\/span>\n<\/p>\n<p class=\"senmail-buttom\"><input class=\"wpcf7-form-control wpcf7-submit has-spinner\" type=\"submit\" value=\"\u041e\u0422\u041f\u0420\u0410\u0412\u0418\u0422\u042c\" \/>\n<\/p><div class=\"wpcf7-response-output\" aria-hidden=\"true\"><\/div>\n<\/form>\n<\/div>\n[\/vc_column_inner][vc_column_inner width=&#187;1\/3&#8243; css=&#187;.vc_custom_1437122737983{padding-right: 15px !important;padding-left: 15px !important;}&#187;][vc_column_text css=&#187;.vc_custom_1704282367312{margin-bottom: 0px !important;padding-bottom: 22px !important;}&#187;]<\/p>\n<div class=\"page-title\">\n<h3>\u0418\u043d\u0444\u043e\u0440\u043c\u0430\u0446\u0438\u044f<\/h3>\n<\/div>\n<h5 id=\"tw-target-text\" class=\"tw-data-text tw-text-large tw-ta\" data-placeholder=\"\u041f\u0435\u0440\u0435\u0432\u043e\u0434\"><span class=\"Y2IQFc\" lang=\"en\">\u0411\u0435\u0441\u043f\u043b\u0430\u0442\u043d\u0430\u044f \u043f\u0430\u0440\u043a\u043e\u0432\u043a\u0430 \u0434\u043b\u044f \u043a\u043b\u0438\u0435\u043d\u0442\u043e\u0432!!!<\/span><\/h5>\n<p>[\/vc_column_text][vc_column_text css=&#187;.vc_custom_1704282414339{margin-bottom: 20px !important;}&#187;]<\/p>\n<p class=\"ct ct-street\">R\u012bga, Br\u012bv\u012bbas iela 180,<br \/>\nLV-1012<\/p>\n<p class=\"ct ct-email\">\u042d-\u043c\u0430\u0438\u043b : skapjusalons@inbox.lv<\/p>\n<p class=\"ct ct-hotline\">\u0422\u0435\u043b\u0435\u0444\u043e\u043d : +371 27 030 878<\/p>\n<p>[\/vc_column_text][vc_raw_html]JTNDZGl2JTIwY2xhc3MlM0QlMjJzb2NpYWxzJTIyJTNFJTBBJTIwJTIwJTIwJTIwJTIwJTIwJTIwJTIwJTIwJTIwJTIwJTIwJTIwJTIwJTIwJTIwJTIwJTIwJTIwJTIwJTIwJTNDdWwlM0UlMEElMjAlMjAlMjAlMjAlMjAlMjAlMjAlMjAlMjAlMjAlMjAlMjAlMjAlMjAlMjAlMjAlMjAlMjAlMjAlMjAlMjAlMjAlMjAlMjAlMjAlMjAlMjAlMjAlMjAlMjAlM0NsaSUzRSUzQ2ElMjBocmVmJTNEJTIyaHR0cHMlM0ElMkYlMkZ3d3cuZmFjZWJvb2suY29tJTJGc2thcGp1c2Fsb25zbHYtMzE4OTU2MTgxNTkxMzk2JTIyJTNFJTNDaSUyMGNsYXNzJTNEJTIyZmElMjBmYS1mYWNlYm9vayUyMiUzRSUzQyUyRmklM0UlM0MlMkZhJTNFJTNDJTJGbGklM0UlMEElMEElMjAlMjAlMjAlMjAlMjAlMjAlMjAlMjAlMjAlMjAlMjAlMjAlMjAlMjAlMjAlMjAlMjAlMjAlMjAlMjAlMjAlMjAlMjAlMjAlMjAlMjAlMjAlMjAlMjAlMjAlMEElMjAlMjAlMjAlMjAlMjAlMjAlMjAlMjAlMjAlMjAlMjAlMjAlMEElMjAlMjAlMjAlMjAlMjAlMjAlMjAlMjAlMjAlMjAlMjAlMjAlMjAlMjAlMjAlMjAlMjAlMjAlMjAlMjAlMjAlMjAlMjAlMjAlMjAlMjAlMjAlMjAlMjAlMjAlMjAlMEElMjAlMjAlMjAlMjAlMjAlMjAlMjAlMjAlMjAlMjAlMjAlMjAlMjAlMjAlMjAlMjAlMjAlMjAlMjAlMjAlMjAlM0MlMkZ1bCUzRSUwQSUyMCUyMCUyMCUyMCUyMCUyMCUyMCUyMCUyMCUyMCUzQyUyRmRpdiUzRQ==[\/vc_raw_html][\/vc_column_inner][\/vc_row_inner][vc_empty_space][vc_gmaps link=&#187;#E-8_JTNDaWZyYW1lJTIwc3JjJTNEJTIyaHR0cHMlM0ElMkYlMkZ3d3cuZ29vZ2xlLmNvbSUyRm1hcHMlMkZlbWJlZCUzRnBiJTNEJTIxMW0xOCUyMTFtMTIlMjExbTMlMjExZDIxNzQuOTY4NDUwODQwODk2JTIxMmQyNC4xNDM5NTYxMTYwNzE4MyUyMTNkNTYuOTY2NDcyOTA1MjAwODElMjEybTMlMjExZjAlMjEyZjAlMjEzZjAlMjEzbTIlMjExaTEwMjQlMjEyaTc2OCUyMTRmMTMuMSUyMTNtMyUyMTFtMiUyMTFzMHg0NmVlY2U0YzdiMzhkMTY3JTI1M0EweGM5ZWM5OGYxMDQyMjhiNjUlMjEyelFuTEVxM2JFcTJKaGN5QnBaV3hoSURFNE1Dd2dUR0YwWjJGc1pYTWdjSEpwWld2Rm9YQnBiSFBFazNSaExDQlN4S3RuWVN3Z1RGWXRNVEF4TWl3ZzBKdlFzTkdDMExMUXVOR1AlMjE1ZTAlMjEzbTIlMjExc3J1JTIxMnNlZSUyMTR2MTY3ODcwNTMzNDQxMSUyMTVtMiUyMTFzcnUlMjEyc2VlJTIyJTIwd2lkdGglM0QlMjI2MDAlMjIlMjBoZWlnaHQlM0QlMjI0NTAlMjIlMjBzdHlsZSUzRCUyMmJvcmRlciUzQTAlM0IlMjIlMjBhbGxvd2Z1bGxzY3JlZW4lM0QlMjIlMjIlMjBsb2FkaW5nJTNEJTIybGF6eSUyMiUyMHJlZmVycmVycG9saWN5JTNEJTIybm8tcmVmZXJyZXItd2hlbi1kb3duZ3JhZGUlMjIlM0UlM0MlMkZpZnJhbWUlM0U=&#187; size=&#187;303px&#187; css=&#187;.vc_custom_1678705559955{margin-bottom: 43px !important;}&#187;][\/vc_column][\/vc_row][vc_row][vc_column][vc_column_text css=&#187;.vc_custom_1704282452639{margin-top: 30px !important;margin-bottom: 30px !important;}&#187;]<\/p>\n<h3 style=\"text-align: center;\">\u041d\u0410\u0428\u0418 \u041f\u0410\u0420\u0422\u041d\u0415\u0420\u042b<\/h3>\n<p>[\/vc_column_text][vc_separator color=&#187;custom&#187; border_width=&#187;5&#8243; el_width=&#187;10&#8243; accent_color=&#187;#254470&#8243;][\/vc_column][\/vc_row][vc_row css=&#187;.vc_custom_1684916793487{margin-top: 30px !important;}&#187;][vc_column width=&#187;1\/4&#8243;][\/vc_column][vc_column width=&#187;1\/4&#8243; css=&#187;.vc_custom_1684916824809{margin-top: 30px !important;}&#187;][vc_column_text css=&#187;.vc_custom_1684915842693{margin-bottom: 50px !important;}&#187;]<\/p>\n<h4 style=\"text-align: center;\">AG Bygg Services<\/h4>\n<p style=\"text-align: center;\">Norway, Oslo<br \/>\n<a class=\"text-entity-link\" dir=\"auto\" href=\"mailto:agbyggservices@gmail.com\" target=\"_blank\" rel=\"noopener noreferrer\" data-entity-type=\"MessageEntityEmail\">agbyggservices@gmail.com<\/a><br \/>\nT. <a class=\"text-entity-link\" dir=\"auto\" href=\"tel:+4748658855\" data-entity-type=\"MessageEntityPhone\">+4748658855<\/a>[\/vc_column_text][\/vc_column][vc_column width=&#187;1\/4&#8243;][vc_column_text css=&#187;.vc_custom_1684916947180{margin-top: 30px !important;margin-bottom: 50px !important;}&#187;]<\/p>\n<h4 style=\"text-align: center;\">Ukskone O\u00dc<\/h4>\n<p style=\"text-align: center;\">Estonia, Tallinn.<br \/>\n<a class=\"text-entity-link\" dir=\"auto\" href=\"mailto:ukskoneinfo@gmail.com\" target=\"_blank\" rel=\"noopener noreferrer\" data-entity-type=\"MessageEntityEmail\">ukskoneinfo@gmail.com<\/a><br \/>\n\u0422. <a class=\"text-entity-link\" dir=\"auto\" href=\"tel:+3725213755\" data-entity-type=\"MessageEntityPhone\">+3725213755<\/a>[\/vc_column_text][\/vc_column][vc_column width=&#187;1\/4&#8243;][\/vc_column][vc_column][vc_empty_space][\/vc_column][\/vc_row]<\/p>\n<\/div>","protected":false},"excerpt":{"rendered":"<p>[vc_row css=&#187;.vc_custom_1437122550533{margin-right: -15px !important;margin-left: -15px !important;}&#187;][vc_column css=&#187;.vc_custom_1456973992660{padding-right: 15px !important;padding-left: 15px !important;}&#187;][vc_row_inner css=&#187;.vc_custom_1437126437380{margin-right: -15px !important;margin-left: -15px !important;}&#187; el_class=&#187;contact-bonus&#187;][vc_column_inner width=&#187;2\/3&#8243; css=&#187;.vc_custom_1437185648827{padding-right: 15px !important;padding-left: 15px !important;}&#187;][vc_column_text] \u041e\u0442\u043f\u0440\u0430\u0432\u044c\u0442\u0435 \u0432\u0430\u0448\u0435 \u0441\u043e\u043e\u0431\u0449\u0435\u043d\u0438\u0435 [\/vc_column_text][\/vc_column_inner][vc_column_inner width=&#187;1\/3&#8243; css=&#187;.vc_custom_1437122737983{padding-right: 15px !important;padding-left: 15px !important;}&#187;][vc_column_text css=&#187;.vc_custom_1704282367312{margin-bottom: 0px !important;padding-bottom: 22px !important;}&#187;] \u0418\u043d\u0444\u043e\u0440\u043c\u0430\u0446\u0438\u044f \u0411\u0435\u0441\u043f\u043b\u0430\u0442\u043d\u0430\u044f \u043f\u0430\u0440\u043a\u043e\u0432\u043a\u0430 \u0434\u043b\u044f \u043a\u043b\u0438\u0435\u043d\u0442\u043e\u0432!!! [\/vc_column_text][vc_column_text css=&#187;.vc_custom_1704282414339{margin-bottom: 20px !important;}&#187;] R\u012bga, Br\u012bv\u012bbas iela 180, LV-1012 \u042d-\u043c\u0430\u0438\u043b : skapjusalons@inbox.lv &hellip; <a href=\"https:\/\/skapjusalons.lv\/ru\/contact\/\">Readmore<\/a><\/p>\n","protected":false},"author":1,"featured_media":0,"parent":0,"menu_order":0,"comment_status":"closed","ping_status":"closed","template":"","meta":{"footnotes":""},"_links":{"self":[{"href":"https:\/\/skapjusalons.lv\/ru\/wp-json\/wp\/v2\/pages\/2568"}],"collection":[{"href":"https:\/\/skapjusalons.lv\/ru\/wp-json\/wp\/v2\/pages"}],"about":[{"href":"https:\/\/skapjusalons.lv\/ru\/wp-json\/wp\/v2\/types\/page"}],"author":[{"embeddable":true,"href":"https:\/\/skapjusalons.lv\/ru\/wp-json\/wp\/v2\/users\/1"}],"replies":[{"embeddable":true,"href":"https:\/\/skapjusalons.lv\/ru\/wp-json\/wp\/v2\/comments?post=2568"}],"version-history":[{"count":5,"href":"https:\/\/skapjusalons.lv\/ru\/wp-json\/wp\/v2\/pages\/2568\/revisions"}],"predecessor-version":[{"id":3755,"href":"https:\/\/skapjusalons.lv\/ru\/wp-json\/wp\/v2\/pages\/2568\/revisions\/3755"}],"wp:attachment":[{"href":"https:\/\/skapjusalons.lv\/ru\/wp-json\/wp\/v2\/media?parent=2568"}],"curies":[{"name":"wp","href":"https:\/\/api.w.org\/{rel}","templated":true}]}}